{"id":41,"date":"2024-03-25T15:12:38","date_gmt":"2024-03-25T14:12:38","guid":{"rendered":"https:\/\/infiniprintemps.com\/?page_id=41"},"modified":"2026-02-28T21:57:20","modified_gmt":"2026-02-28T20:57:20","slug":"contact","status":"publish","type":"page","link":"https:\/\/infiniprintemps.com\/index.php\/contact\/","title":{"rendered":"Contact"},"content":{"rendered":"\n<p>Retrouvez mon jardin de papier cr\u00eap\u00e9, \u00e0 la cueillette, dans la boutique \u00ab\u00a0<em><strong>Atelier Shibumi<\/strong><\/em>\u00a0\u00bb dans le vignoble nantais au 11 rue des Forges \u00e0 Vallet ainsi que dans la boutique des ateliers d&rsquo;art de France \u00ab\u00a0<em><strong>Empreintes<\/strong><\/em>\u00a0\u00bb au 5 rue de Picardie, Paris 3e. <br>Pour tout projet sur-mesure, je reste \u00e0 votre disposition pour \u00e9changer et vous accueille volontiers sur rendez-vous dans mon atelier au c\u0153ur de Nantes.<br><strong>Ce site est en cours de germination<\/strong>, pour plus de renseignements : contactez-moi \u00e9galement sur les r\u00e9seaux sociaux ou abonnez-vous \u00e0 la newsletter pour trouver les nouveaux points de floraison et prochains \u00e9v\u00e9nements !<\/p>\n\n\n\n<div class=\"wp-block-group\"><div class=\"wp-block-group__inner-container is-layout-constrained wp-block-group-is-layout-constrained\">\n<div style=\"padding:20px\" class=\"wp-block-tnp-minimal\"><p><\/p><div><div class=\"tnp tnp-subscription-minimal  \"><form action=\"https:\/\/infiniprintemps.com\/wp-admin\/admin-ajax.php?action=tnp&amp;na=s\" method=\"post\" style=\"text-align: center\"><input type=\"hidden\" name=\"nr\" value=\"minimal\">\n<input type=\"hidden\" name=\"nlang\" value=\"\">\n<input class=\"tnp-email\" type=\"email\" required name=\"ne\" value=\"\" placeholder=\"E-mail\"><input class=\"tnp-submit\" type=\"submit\" value=\"S&#039;abonner\" style=\"\">\n<div class=\"tnp-field tnp-privacy-field\"><label>I accept the privacy policy<\/label><\/div><\/form><\/div>\n<\/div><\/div>\n<\/div><\/div>\n","protected":false},"excerpt":{"rendered":"<p>Retrouvez mon jardin de papier cr\u00eap\u00e9, \u00e0 la cueillette, dans la boutique \u00ab\u00a0Atelier Shibumi\u00a0\u00bb dans le vignoble nantais au 11 rue des Forges \u00e0 Vallet ainsi que dans la boutique des ateliers d&rsquo;art de France \u00ab\u00a0Empreintes\u00a0\u00bb au 5 rue de Picardie, Paris 3e. Pour tout projet sur-mesure, je reste \u00e0 votre disposition pour \u00e9changer et &hellip; <\/p>\n<p class=\"link-more\"><a href=\"https:\/\/infiniprintemps.com\/index.php\/contact\/\" class=\"more-link\">Continuer la lecture<span class=\"screen-reader-text\"> de &laquo;&nbsp;Contact&nbsp;&raquo;<\/span><\/a><\/p>\n","protected":false},"author":1,"featured_media":114,"parent":0,"menu_order":0,"comment_status":"closed","ping_status":"closed","template":"","meta":{"footnotes":""},"class_list":["post-41","page","type-page","status-publish","has-post-thumbnail","hentry"],"_links":{"self":[{"href":"https:\/\/infiniprintemps.com\/index.php\/wp-json\/wp\/v2\/pages\/41","targetHints":{"allow":["GET"]}}],"collection":[{"href":"https:\/\/infiniprintemps.com\/index.php\/wp-json\/wp\/v2\/pages"}],"about":[{"href":"https:\/\/infiniprintemps.com\/index.php\/wp-json\/wp\/v2\/types\/page"}],"author":[{"embeddable":true,"href":"https:\/\/infiniprintemps.com\/index.php\/wp-json\/wp\/v2\/users\/1"}],"replies":[{"embeddable":true,"href":"https:\/\/infiniprintemps.com\/index.php\/wp-json\/wp\/v2\/comments?post=41"}],"version-history":[{"count":22,"href":"https:\/\/infiniprintemps.com\/index.php\/wp-json\/wp\/v2\/pages\/41\/revisions"}],"predecessor-version":[{"id":234,"href":"https:\/\/infiniprintemps.com\/index.php\/wp-json\/wp\/v2\/pages\/41\/revisions\/234"}],"wp:featuredmedia":[{"embeddable":true,"href":"https:\/\/infiniprintemps.com\/index.php\/wp-json\/wp\/v2\/media\/114"}],"wp:attachment":[{"href":"https:\/\/infiniprintemps.com\/index.php\/wp-json\/wp\/v2\/media?parent=41"}],"curies":[{"name":"wp","href":"https:\/\/api.w.org\/{rel}","templated":true}]}}